{"id":309,"date":"2026-02-02T20:04:46","date_gmt":"2026-02-02T20:04:46","guid":{"rendered":"http:\/\/gsp.com.ec\/?page_id=309"},"modified":"2026-02-02T23:12:09","modified_gmt":"2026-02-02T23:12:09","slug":"unete-a-nosotros","status":"publish","type":"page","link":"https:\/\/gsp.com.ec\/index.php\/unete-a-nosotros\/","title":{"rendered":"Unete a nosotros"},"content":{"rendered":"<p>[et_pb_section fb_built=\u00bb1&#8243; _builder_version=\u00bb4.27.5&#8243; _module_preset=\u00bbdefault\u00bb background_color=\u00bbrgba(33,32,42,0.92)\u00bb background_enable_image=\u00bboff\u00bb background_blend=\u00bbmultiply\u00bb background_enable_pattern_style=\u00bbon\u00bb background_pattern_style=\u00bbsquares\u00bb global_colors_info=\u00bb{}\u00bb][et_pb_row _builder_version=\u00bb4.27.5&#8243; _module_preset=\u00bbdefault\u00bb custom_padding=\u00bb||0px||false|false\u00bb border_color_all=\u00bb#FFFFFF\u00bb global_colors_info=\u00bb{}\u00bb border_width_all__hover_enabled=\u00bboff|desktop\u00bb][et_pb_column type=\u00bb4_4&#8243; _builder_version=\u00bb4.27.5&#8243; _module_preset=\u00bbdefault\u00bb background_enable_color=\u00bboff\u00bb custom_padding=\u00bb26px|25px|26px|25px|true|true\u00bb border_color_all=\u00bb#FFFFFF\u00bb global_colors_info=\u00bb{}\u00bb][et_pb_text _builder_version=\u00bb4.27.5&#8243; _module_preset=\u00bbdefault\u00bb text_text_color=\u00bb#FFFFFF\u00bb text_font_size=\u00bb18px\u00bb header_font=\u00bb|||on|||||\u00bb header_text_color=\u00bb#eeb715&#8243; header_font_size=\u00bb45px\u00bb header_4_font=\u00bb|||on|||||\u00bb header_4_text_color=\u00bb#FFFFFF\u00bb header_4_letter_spacing=\u00bb1px\u00bb animation_style=\u00bbfade\u00bb global_colors_info=\u00bb{}\u00bb]<\/p>\n<h1>\u00fanete a nosotros<span style=\"font-size: 16px;\"><\/span><\/h1>\n<p>[\/et_pb_text][\/et_pb_column][\/et_pb_row][\/et_pb_section][et_pb_section fb_built=\u00bb1&#8243; _builder_version=\u00bb4.27.5&#8243; _module_preset=\u00bbdefault\u00bb background_enable_color=\u00bboff\u00bb background_image=\u00bbhttps:\/\/gsp.com.ec\/wp-content\/uploads\/2026\/02\/imagen-guardia-espalda.png\u00bb background_size=\u00bbinitial\u00bb background_position=\u00bbcenter_right\u00bb global_colors_info=\u00bb{}\u00bb][et_pb_row column_structure=\u00bb3_5,2_5&#8243; _builder_version=\u00bb4.27.5&#8243; _module_preset=\u00bbdefault\u00bb global_colors_info=\u00bb{}\u00bb][et_pb_column type=\u00bb3_5&#8243; _builder_version=\u00bb4.27.5&#8243; _module_preset=\u00bbdefault\u00bb global_colors_info=\u00bb{}\u00bb][et_pb_text _builder_version=\u00bb4.27.5&#8243; _module_preset=\u00bbdefault\u00bb header_font=\u00bb|||on|||||\u00bb header_text_align=\u00bbcenter\u00bb header_text_color=\u00bb#000000&#8243; header_4_font=\u00bb|300||on|||||\u00bb header_4_text_align=\u00bbcenter\u00bb header_4_text_color=\u00bb#FFFFFF\u00bb global_colors_info=\u00bb{}\u00bb]<\/p>\n<h1 style=\"text-align: left;\">S\u00e9 parte de nuestra familia<\/h1>\n<p>[\/et_pb_text][et_pb_code _builder_version=\u00bb4.27.5&#8243; _module_preset=\u00bbdefault\u00bb hover_enabled=\u00bb0&#8243; sticky_enabled=\u00bb0&#8243;]\n<div class=\"wpcf7 no-js\" id=\"wpcf7-f341-o1\" lang=\"es-ES\" dir=\"ltr\" data-wpcf7-id=\"341\">\n<div class=\"screen-reader-response\"><p role=\"status\" aria-live=\"polite\" aria-atomic=\"true\"><\/p> <ul><\/ul><\/div>\n<form action=\"\/index.php\/wp-json\/wp\/v2\/pages\/309#wpcf7-f341-o1\" method=\"post\" class=\"wpcf7-form init\" aria-label=\"Formulario de contacto\" enctype=\"multipart\/form-data\" novalidate=\"novalidate\" data-status=\"init\">\n<fieldset class=\"hidden-fields-container\"><input type=\"hidden\" name=\"_wpcf7\" value=\"341\" \/><input type=\"hidden\" name=\"_wpcf7_version\" value=\"6.1.4\" \/><input type=\"hidden\" name=\"_wpcf7_locale\" value=\"es_ES\" \/><input type=\"hidden\" name=\"_wpcf7_unit_tag\" value=\"wpcf7-f341-o1\" \/><input type=\"hidden\" name=\"_wpcf7_container_post\" value=\"0\" \/><input type=\"hidden\" name=\"_wpcf7_posted_data_hash\" value=\"\" \/>\n<\/fieldset>\n<div class=\"et_pb_contact\">\n\t<div class=\"et_pb_contact_form\">\n\t\t<p class=\"et_pb_contact_field et_pb_contact_field_half\"><span class=\"wpcf7-form-control-wrap\" data-name=\"tu-nombre\"><input size=\"40\" maxlength=\"400\" class=\"wpcf7-form-control wpcf7-text wpcf7-validates-as-required\" aria-required=\"true\" aria-invalid=\"false\" placeholder=\"NOMBRE\" value=\"\" type=\"text\" name=\"tu-nombre\" \/><\/span>\n\t\t<\/p>\n\t\t<p class=\"et_pb_contact_field et_pb_contact_field_half et_pb_contact_field_last\"><span class=\"wpcf7-form-control-wrap\" data-name=\"tus-apellidos\"><input size=\"40\" maxlength=\"400\" class=\"wpcf7-form-control wpcf7-text wpcf7-validates-as-required\" aria-required=\"true\" aria-invalid=\"false\" placeholder=\"APELLIDOS\" value=\"\" type=\"text\" name=\"tus-apellidos\" \/><\/span>\n\t\t<\/p>\n\t\t<p class=\"et_pb_contact_field et_pb_contact_field_half\"><span class=\"wpcf7-form-control-wrap\" data-name=\"email\"><input size=\"40\" maxlength=\"400\" class=\"wpcf7-form-control wpcf7-email wpcf7-validates-as-required wpcf7-text wpcf7-validates-as-email\" aria-required=\"true\" aria-invalid=\"false\" placeholder=\"CORREO ELECTR\u00d3NICO\" value=\"\" type=\"email\" name=\"email\" \/><\/span>\n\t\t<\/p>\n\t\t<p class=\"et_pb_contact_field et_pb_contact_field_half et_pb_contact_field_last\"><span class=\"wpcf7-form-control-wrap\" data-name=\"telefono\"><input size=\"40\" maxlength=\"400\" class=\"wpcf7-form-control wpcf7-tel wpcf7-text wpcf7-validates-as-tel\" aria-invalid=\"false\" placeholder=\"TEL\u00c9FONO\" value=\"\" type=\"tel\" name=\"telefono\" \/><\/span>\n\t\t<\/p>\n\t\t<p class=\"et_pb_contact_field et_pb_contact_field_last\"><span class=\"wpcf7-form-control-wrap\" data-name=\"mensaje\"><textarea cols=\"40\" rows=\"10\" maxlength=\"2000\" class=\"wpcf7-form-control wpcf7-textarea wpcf7-validates-as-required\" aria-required=\"true\" aria-invalid=\"false\" placeholder=\"DEJA UN MENSAJE\" name=\"mensaje\"><\/textarea><\/span>\n\t\t<\/p>\n\t\t<p class=\"et_pb_contact_field et_pb_contact_field_last\"><span class=\"wpcf7-form-control-wrap\" data-name=\"archivo\"><input size=\"40\" class=\"wpcf7-form-control wpcf7-file\" accept=\".jpg,.doc,.png,.pdf\" aria-invalid=\"false\" type=\"file\" name=\"archivo\" \/><\/span>\n\t\t<\/p>\n\t<\/div>\n<\/div>\n<p><span class=\"wpcf7-form-control-wrap\" data-name=\"aceptacion\"><span class=\"wpcf7-form-control wpcf7-acceptance\"><span class=\"wpcf7-list-item\"><label><input type=\"checkbox\" name=\"aceptacion\" value=\"1\" aria-invalid=\"false\" \/><span class=\"wpcf7-list-item-label\">He le\u00eddo y acepto la <a href=\"https:\/\/www.gsp.com.ec\/politica-de-privacidad\/\">pol\u00edtica de privacidad<\/a> de Zona GSP<\/span><\/label><\/span><\/span><\/span>\n<\/p>\n<div class=\"et_contact_bottom_container\">\n\t<p><input class=\"wpcf7-form-control wpcf7-submit has-spinner et_pb_contact_submit et_pb_button\" type=\"submit\" value=\"ENVIAR\" \/>\n\t<\/p>\n<\/div>\n<p style=\"font-size: 0.8em; line-height: 1.2; display: inline-block; margin-top: 10px;\">Al enviar un formulario se solicitan datos como tu email y nombre que se adjuntan al mensaje enviado, por lo que debes aceptar nuestra pol\u00edtica de privacidad. <strong>Responsable de los datos:<\/strong> -Persona o empresa responsable- | <strong>Finalidad:<\/strong> Responder a solicitudes del formulario. | <strong>Legitimaci\u00f3n:<\/strong> Tu consentimiento expreso. | <strong>Destinatario:<\/strong> -Qui\u00e9n recibe los datos- (datos almacenados s\u00f3lo en cliente de email). | <strong>Derechos:<\/strong> Tienes derecho al acceso, rectificaci\u00f3n, supresi\u00f3n, limitaci\u00f3n, portabilidad y olvido de sus datos.\n<\/p><div class=\"wpcf7-response-output\" aria-hidden=\"true\"><\/div>\n<\/form>\n<\/div>\n[\/et_pb_code][\/et_pb_column][et_pb_column type=\u00bb2_5&#8243; _builder_version=\u00bb4.27.5&#8243; _module_preset=\u00bbdefault\u00bb global_colors_info=\u00bb{}\u00bb][\/et_pb_column][\/et_pb_row][\/et_pb_section][et_pb_section fb_built=\u00bb1&#8243; _builder_version=\u00bb4.27.5&#8243; _module_preset=\u00bbdefault\u00bb background_color=\u00bbrgba(32,30,41,0.21)\u00bb background_image=\u00bbhttps:\/\/gsp.com.ec\/wp-content\/uploads\/2026\/01\/BANNER-CLIENTES.png\u00bb custom_padding=\u00bb100px||100px||true|false\u00bb global_colors_info=\u00bb{}\u00bb][et_pb_row _builder_version=\u00bb4.27.5&#8243; _module_preset=\u00bbdefault\u00bb global_colors_info=\u00bb{}\u00bb][et_pb_column type=\u00bb4_4&#8243; _builder_version=\u00bb4.27.5&#8243; _module_preset=\u00bbdefault\u00bb global_colors_info=\u00bb{}\u00bb][et_pb_text _builder_version=\u00bb4.27.5&#8243; _module_preset=\u00bbdefault\u00bb text_font_size=\u00bb18px\u00bb header_text_color=\u00bb#201e29&#8243; global_colors_info=\u00bb{}\u00bb]<\/p>\n<h1 style=\"text-align: center;\">NUESTROS CLIENTES<\/h1>\n<p style=\"text-align: center;\">Empresas que conf\u00edan en nuestros servicios.<\/p>\n<p>[\/et_pb_text][\/et_pb_column][\/et_pb_row][et_pb_row column_structure=\u00bb1_6,1_6,1_6,1_6,1_6,1_6&#8243; _builder_version=\u00bb4.27.5&#8243; _module_preset=\u00bbdefault\u00bb global_colors_info=\u00bb{}\u00bb][et_pb_column type=\u00bb1_6&#8243; _builder_version=\u00bb4.27.5&#8243; _module_preset=\u00bbdefault\u00bb global_colors_info=\u00bb{}\u00bb][et_pb_image src=\u00bbhttps:\/\/gsp.com.ec\/wp-content\/uploads\/2026\/01\/LOGO-PLANIFIKT-350X100.jpg\u00bb title_text=\u00bbLOGO-PLANIFIKT-350X100&#8243; _builder_version=\u00bb4.27.5&#8243; _module_preset=\u00bbdefault\u00bb border_radii=\u00bbon|22px|22px|22px|22px\u00bb box_shadow_style=\u00bbpreset3&#8243; global_colors_info=\u00bb{}\u00bb][\/et_pb_image][\/et_pb_column][et_pb_column type=\u00bb1_6&#8243; _builder_version=\u00bb4.27.5&#8243; _module_preset=\u00bbdefault\u00bb global_colors_info=\u00bb{}\u00bb][et_pb_image src=\u00bbhttps:\/\/gsp.com.ec\/wp-content\/uploads\/2026\/01\/LOGO-GRUPO-NAVESA.png\u00bb title_text=\u00bbLOGO-GRUPO-NAVESA\u00bb _builder_version=\u00bb4.27.5&#8243; _module_preset=\u00bbdefault\u00bb border_radii=\u00bbon|22px|22px|22px|22px\u00bb box_shadow_style=\u00bbpreset3&#8243; global_colors_info=\u00bb{}\u00bb][\/et_pb_image][\/et_pb_column][et_pb_column type=\u00bb1_6&#8243; _builder_version=\u00bb4.27.5&#8243; _module_preset=\u00bbdefault\u00bb global_colors_info=\u00bb{}\u00bb][et_pb_image src=\u00bbhttps:\/\/gsp.com.ec\/wp-content\/uploads\/2026\/01\/LOGO-FERNANDEZ-350X100.png\u00bb title_text=\u00bbLOGO-FERNANDEZ-350X100&#8243; _builder_version=\u00bb4.27.5&#8243; _module_preset=\u00bbdefault\u00bb border_radii=\u00bbon|22px|22px|22px|22px\u00bb box_shadow_style=\u00bbpreset3&#8243; global_colors_info=\u00bb{}\u00bb][\/et_pb_image][\/et_pb_column][et_pb_column type=\u00bb1_6&#8243; _builder_version=\u00bb4.27.5&#8243; _module_preset=\u00bbdefault\u00bb global_colors_info=\u00bb{}\u00bb][et_pb_image src=\u00bbhttps:\/\/gsp.com.ec\/wp-content\/uploads\/2026\/01\/LOGO-NACION-PARRILLA.jpg\u00bb title_text=\u00bbLOGO-NACION-PARRILLA\u00bb _builder_version=\u00bb4.27.5&#8243; _module_preset=\u00bbdefault\u00bb border_radii=\u00bbon|22px|22px|22px|22px\u00bb box_shadow_style=\u00bbpreset3&#8243; global_colors_info=\u00bb{}\u00bb][\/et_pb_image][\/et_pb_column][et_pb_column type=\u00bb1_6&#8243; _builder_version=\u00bb4.27.5&#8243; _module_preset=\u00bbdefault\u00bb global_colors_info=\u00bb{}\u00bb][et_pb_image src=\u00bbhttps:\/\/gsp.com.ec\/wp-content\/uploads\/2026\/01\/LOGO-MAKRO-HOSPITAL.jpg\u00bb title_text=\u00bbLOGO-MAKRO-HOSPITAL\u00bb _builder_version=\u00bb4.27.5&#8243; _module_preset=\u00bbdefault\u00bb border_radii=\u00bbon|22px|22px|22px|22px\u00bb box_shadow_style=\u00bbpreset3&#8243; global_colors_info=\u00bb{}\u00bb][\/et_pb_image][\/et_pb_column][et_pb_column type=\u00bb1_6&#8243; _builder_version=\u00bb4.27.5&#8243; _module_preset=\u00bbdefault\u00bb global_colors_info=\u00bb{}\u00bb][et_pb_image src=\u00bbhttps:\/\/gsp.com.ec\/wp-content\/uploads\/2026\/01\/LOGO-LACUADRA.jpg\u00bb title_text=\u00bbLOGO-LACUADRA\u00bb _builder_version=\u00bb4.27.5&#8243; _module_preset=\u00bbdefault\u00bb border_radii=\u00bbon|22px|22px|22px|22px\u00bb box_shadow_style=\u00bbpreset3&#8243; global_colors_info=\u00bb{}\u00bb][\/et_pb_image][\/et_pb_column][\/et_pb_row][\/et_pb_section]<\/p>\n","protected":false},"excerpt":{"rendered":"<p>\u00fanete a nosotrosS\u00e9 parte de nuestra familia\n<div class=\"wpcf7 no-js\" id=\"wpcf7-f341-o2\" lang=\"es-ES\" dir=\"ltr\" data-wpcf7-id=\"341\">\n<div class=\"screen-reader-response\"><p role=\"status\" aria-live=\"polite\" aria-atomic=\"true\"><\/p> <ul><\/ul><\/div>\n<form action=\"\/index.php\/wp-json\/wp\/v2\/pages\/309#wpcf7-f341-o2\" method=\"post\" class=\"wpcf7-form init\" aria-label=\"Formulario de contacto\" enctype=\"multipart\/form-data\" novalidate=\"novalidate\" data-status=\"init\">\n<fieldset class=\"hidden-fields-container\"><input type=\"hidden\" name=\"_wpcf7\" value=\"341\" \/><input type=\"hidden\" name=\"_wpcf7_version\" value=\"6.1.4\" \/><input type=\"hidden\" name=\"_wpcf7_locale\" value=\"es_ES\" \/><input type=\"hidden\" name=\"_wpcf7_unit_tag\" value=\"wpcf7-f341-o2\" \/><input type=\"hidden\" name=\"_wpcf7_container_post\" value=\"0\" \/><input type=\"hidden\" name=\"_wpcf7_posted_data_hash\" value=\"\" \/>\n<\/fieldset>\n<div class=\"et_pb_contact\">\n\t<div class=\"et_pb_contact_form\">\n\t\t<p class=\"et_pb_contact_field et_pb_contact_field_half\"><span class=\"wpcf7-form-control-wrap\" data-name=\"tu-nombre\"><input size=\"40\" maxlength=\"400\" class=\"wpcf7-form-control wpcf7-text wpcf7-validates-as-required\" aria-required=\"true\" aria-invalid=\"false\" placeholder=\"NOMBRE\" value=\"\" type=\"text\" name=\"tu-nombre\" \/><\/span>\n\t\t<\/p>\n\t\t<p class=\"et_pb_contact_field et_pb_contact_field_half et_pb_contact_field_last\"><span class=\"wpcf7-form-control-wrap\" data-name=\"tus-apellidos\"><input size=\"40\" maxlength=\"400\" class=\"wpcf7-form-control wpcf7-text wpcf7-validates-as-required\" aria-required=\"true\" aria-invalid=\"false\" placeholder=\"APELLIDOS\" value=\"\" type=\"text\" name=\"tus-apellidos\" \/><\/span>\n\t\t<\/p>\n\t\t<p class=\"et_pb_contact_field et_pb_contact_field_half\"><span class=\"wpcf7-form-control-wrap\" data-name=\"email\"><input size=\"40\" maxlength=\"400\" class=\"wpcf7-form-control wpcf7-email wpcf7-validates-as-required wpcf7-text wpcf7-validates-as-email\" aria-required=\"true\" aria-invalid=\"false\" placeholder=\"CORREO ELECTR\u00d3NICO\" value=\"\" type=\"email\" name=\"email\" \/><\/span>\n\t\t<\/p>\n\t\t<p class=\"et_pb_contact_field et_pb_contact_field_half et_pb_contact_field_last\"><span class=\"wpcf7-form-control-wrap\" data-name=\"telefono\"><input size=\"40\" maxlength=\"400\" class=\"wpcf7-form-control wpcf7-tel wpcf7-text wpcf7-validates-as-tel\" aria-invalid=\"false\" placeholder=\"TEL\u00c9FONO\" value=\"\" type=\"tel\" name=\"telefono\" \/><\/span>\n\t\t<\/p>\n\t\t<p class=\"et_pb_contact_field et_pb_contact_field_last\"><span class=\"wpcf7-form-control-wrap\" data-name=\"mensaje\"><textarea cols=\"40\" rows=\"10\" maxlength=\"2000\" class=\"wpcf7-form-control wpcf7-textarea wpcf7-validates-as-required\" aria-required=\"true\" aria-invalid=\"false\" placeholder=\"DEJA UN MENSAJE\" name=\"mensaje\"><\/textarea><\/span>\n\t\t<\/p>\n\t\t<p class=\"et_pb_contact_field et_pb_contact_field_last\"><span class=\"wpcf7-form-control-wrap\" data-name=\"archivo\"><input size=\"40\" class=\"wpcf7-form-control wpcf7-file\" accept=\".jpg,.doc,.png,.pdf\" aria-invalid=\"false\" type=\"file\" name=\"archivo\" \/><\/span>\n\t\t<\/p>\n\t<\/div>\n<\/div>\n<p><span class=\"wpcf7-form-control-wrap\" data-name=\"aceptacion\"><span class=\"wpcf7-form-control wpcf7-acceptance\"><span class=\"wpcf7-list-item\"><label><input type=\"checkbox\" name=\"aceptacion\" value=\"1\" aria-invalid=\"false\" \/><span class=\"wpcf7-list-item-label\">He le\u00eddo y acepto la <a href=\"https:\/\/www.gsp.com.ec\/politica-de-privacidad\/\">pol\u00edtica de privacidad<\/a> de Zona GSP<\/span><\/label><\/span><\/span><\/span>\n<\/p>\n<div class=\"et_contact_bottom_container\">\n\t<p><input class=\"wpcf7-form-control wpcf7-submit has-spinner et_pb_contact_submit et_pb_button\" type=\"submit\" value=\"ENVIAR\" \/>\n\t<\/p>\n<\/div>\n<p style=\"font-size: 0.8em; line-height: 1.2; display: inline-block; margin-top: 10px;\">Al enviar un formulario se solicitan datos como tu email y nombre que se adjuntan al mensaje enviado, por lo que debes aceptar nuestra pol\u00edtica de privacidad. <strong>Responsable de los datos:<\/strong> -Persona o empresa responsable- | <strong>Finalidad:<\/strong> Responder a solicitudes del formulario. | <strong>Legitimaci\u00f3n:<\/strong> Tu consentimiento expreso. | <strong>Destinatario:<\/strong> -Qui\u00e9n recibe los datos- (datos almacenados s\u00f3lo en cliente de email). | <strong>Derechos:<\/strong> Tienes derecho al acceso, rectificaci\u00f3n, supresi\u00f3n, limitaci\u00f3n, portabilidad y olvido de sus datos.\n<\/p><div class=\"wpcf7-response-output\" aria-hidden=\"true\"><\/div>\n<\/form>\n<\/div>\nNUESTROS CLIENTES Empresas que conf\u00edan en nuestros servicios.<\/p>\n","protected":false},"author":1,"featured_media":0,"parent":0,"menu_order":0,"comment_status":"closed","ping_status":"closed","template":"","meta":{"_et_pb_use_builder":"on","_et_pb_old_content":"","_et_gb_content_width":"","footnotes":""},"class_list":["post-309","page","type-page","status-publish","hentry"],"_links":{"self":[{"href":"https:\/\/gsp.com.ec\/index.php\/wp-json\/wp\/v2\/pages\/309","targetHints":{"allow":["GET"]}}],"collection":[{"href":"https:\/\/gsp.com.ec\/index.php\/wp-json\/wp\/v2\/pages"}],"about":[{"href":"https:\/\/gsp.com.ec\/index.php\/wp-json\/wp\/v2\/types\/page"}],"author":[{"embeddable":true,"href":"https:\/\/gsp.com.ec\/index.php\/wp-json\/wp\/v2\/users\/1"}],"replies":[{"embeddable":true,"href":"https:\/\/gsp.com.ec\/index.php\/wp-json\/wp\/v2\/comments?post=309"}],"version-history":[{"count":6,"href":"https:\/\/gsp.com.ec\/index.php\/wp-json\/wp\/v2\/pages\/309\/revisions"}],"predecessor-version":[{"id":342,"href":"https:\/\/gsp.com.ec\/index.php\/wp-json\/wp\/v2\/pages\/309\/revisions\/342"}],"wp:attachment":[{"href":"https:\/\/gsp.com.ec\/index.php\/wp-json\/wp\/v2\/media?parent=309"}],"curies":[{"name":"wp","href":"https:\/\/api.w.org\/{rel}","templated":true}]}}