{"id":269,"date":"2026-01-27T02:26:34","date_gmt":"2026-01-27T02:26:34","guid":{"rendered":"http:\/\/gsp.com.ec\/?page_id=269"},"modified":"2026-02-04T15:30:04","modified_gmt":"2026-02-04T15:30:04","slug":"servicios","status":"publish","type":"page","link":"https:\/\/gsp.com.ec\/index.php\/servicios\/","title":{"rendered":"Nuestros Servicios"},"content":{"rendered":"<p>[et_pb_section fb_built=\u00bb1&#8243; _builder_version=\u00bb4.27.5&#8243; _module_preset=\u00bbdefault\u00bb background_enable_color=\u00bboff\u00bb use_background_color_gradient=\u00bbon\u00bb background_color_gradient_direction=\u00bb90deg\u00bb background_color_gradient_stops=\u00bbrgba(0,0,0,0.64) 0%|rgba(0,0,0,0) 100%\u00bb background_image=\u00bbhttps:\/\/gsp.com.ec\/wp-content\/uploads\/2026\/02\/banner-quienes-somos.jpg\u00bb background_position=\u00bbtop_left\u00bb background_blend=\u00bbmultiply\u00bb custom_padding=\u00bb150px||150px||true|false\u00bb hover_enabled=\u00bb0&#8243; global_colors_info=\u00bb{}\u00bb title_text=\u00bbbanner-quienes-somos\u00bb sticky_enabled=\u00bb0&#8243;][et_pb_row column_structure=\u00bb3_5,2_5&#8243; _builder_version=\u00bb4.27.5&#8243; _module_preset=\u00bbdefault\u00bb border_color_all=\u00bb#FFFFFF\u00bb global_colors_info=\u00bb{}\u00bb border_width_all__hover_enabled=\u00bboff|desktop\u00bb][et_pb_column type=\u00bb3_5&#8243; _builder_version=\u00bb4.27.5&#8243; _module_preset=\u00bbdefault\u00bb background_enable_color=\u00bboff\u00bb custom_padding=\u00bb26px|25px|26px|25px|true|true\u00bb border_color_all=\u00bb#FFFFFF\u00bb global_colors_info=\u00bb{}\u00bb][et_pb_text _builder_version=\u00bb4.27.5&#8243; _module_preset=\u00bbdefault\u00bb text_text_color=\u00bb#FFFFFF\u00bb text_font_size=\u00bb18px\u00bb header_font=\u00bb|||on|||||\u00bb header_text_color=\u00bb#eeb715&#8243; header_font_size=\u00bb45px\u00bb header_4_font=\u00bb|||on|||||\u00bb header_4_text_color=\u00bb#FFFFFF\u00bb header_4_letter_spacing=\u00bb1px\u00bb animation_style=\u00bbfade\u00bb global_colors_info=\u00bb{}\u00bb]<\/p>\n<h1>Nuestros Servicios<\/h1>\n<p><span>Bajo los pilares de\u00a0<\/span><strong>Seguridad, Tecnolog\u00eda y Organizaci\u00f3n, <\/strong><span>ofrecemos un servicio se Seguridad F\u00edsica diferencial en el mercado. \u00danicos con tecnolog\u00eda de desarrollo propio y conectividad a nivel nacional.<\/span><\/p>\n<p>[\/et_pb_text][\/et_pb_column][et_pb_column type=\u00bb2_5&#8243; _builder_version=\u00bb4.27.5&#8243; _module_preset=\u00bbdefault\u00bb global_colors_info=\u00bb{}\u00bb][\/et_pb_column][\/et_pb_row][\/et_pb_section][et_pb_section fb_built=\u00bb1&#8243; _builder_version=\u00bb4.27.5&#8243; _module_preset=\u00bbdefault\u00bb background_enable_color=\u00bboff\u00bb use_background_color_gradient=\u00bbon\u00bb background_color_gradient_direction=\u00bb-90deg\u00bb background_color_gradient_stops=\u00bbrgba(255,255,255,0.98) 55%|rgba(255,255,255,0.53) 100%\u00bb background_image=\u00bbhttps:\/\/gsp.com.ec\/wp-content\/uploads\/2026\/02\/guaradia-de-seguridad-500x650px.jpg\u00bb background_size=\u00bbcontain\u00bb background_position=\u00bbcenter_left\u00bb background_blend=\u00bbscreen\u00bb global_colors_info=\u00bb{}\u00bb][et_pb_row use_custom_gutter=\u00bbon\u00bb make_equal=\u00bbon\u00bb _builder_version=\u00bb4.27.5&#8243; _module_preset=\u00bbdefault\u00bb custom_padding=\u00bb||||true|false\u00bb global_colors_info=\u00bb{}\u00bb][et_pb_column type=\u00bb4_4&#8243; _builder_version=\u00bb4.27.5&#8243; _module_preset=\u00bbdefault\u00bb global_colors_info=\u00bb{}\u00bb][et_pb_text _builder_version=\u00bb4.27.5&#8243; _module_preset=\u00bbdefault\u00bb text_text_color=\u00bb#000000&#8243; header_font=\u00bb|||on|||||\u00bb header_text_align=\u00bbcenter\u00bb header_text_color=\u00bb#000000&#8243; header_font_size=\u00bb45px\u00bb header_4_font=\u00bb|300||on|||||\u00bb header_4_text_align=\u00bbcenter\u00bb header_4_text_color=\u00bb#FFFFFF\u00bb background_enable_color=\u00bboff\u00bb global_colors_info=\u00bb{}\u00bb]<\/p>\n<h1>Seguridad<\/h1>\n<p>[\/et_pb_text][et_pb_divider color=\u00bb#000000&#8243; _builder_version=\u00bb4.27.5&#8243; _module_preset=\u00bbdefault\u00bb width=\u00bb25%\u00bb module_alignment=\u00bbcenter\u00bb custom_margin=\u00bb||0px||false|false\u00bb custom_padding=\u00bb||0px||false|false\u00bb global_colors_info=\u00bb{}\u00bb][\/et_pb_divider][\/et_pb_column][\/et_pb_row][et_pb_row column_structure=\u00bb1_3,1_3,1_3&#8243; use_custom_gutter=\u00bbon\u00bb make_equal=\u00bbon\u00bb _builder_version=\u00bb4.27.5&#8243; _module_preset=\u00bbdefault\u00bb custom_margin=\u00bb0px||||false|false\u00bb custom_padding=\u00bb0px||||false|false\u00bb global_colors_info=\u00bb{}\u00bb][et_pb_column type=\u00bb1_3&#8243; _builder_version=\u00bb4.27.5&#8243; _module_preset=\u00bbdefault\u00bb global_colors_info=\u00bb{}\u00bb][et_pb_blurb title=\u00bbESCOLTAS VIP Y CONDUCTORES DE ALTO NIVEL\u00bb image_icon_background_color=\u00bbrgba(226,226,226,0.4)\u00bb image=\u00bbhttps:\/\/gsp.com.ec\/wp-content\/uploads\/2026\/02\/ICN-SEG-1.png\u00bb image_icon_width=\u00bb75%\u00bb _builder_version=\u00bb4.27.5&#8243; _module_preset=\u00bbdefault\u00bb header_text_align=\u00bbcenter\u00bb header_text_color=\u00bb#000000&#8243; body_text_align=\u00bbcenter\u00bb body_text_color=\u00bb#3d3d3d\u00bb custom_margin=\u00bb50px||||false|false\u00bb border_radii_image=\u00bbon|290px|290px|290px|290px\u00bb border_width_all_image=\u00bb1px\u00bb border_color_all_image=\u00bb#666666&#8243; global_colors_info=\u00bb{}\u00bb image_icon_background_color__hover=\u00bb#dfa737&#8243; image_icon_background_color__hover_enabled=\u00bbon|hover\u00bb]<\/p>\n<p>Profesionales entrenados en manejo evasivo, armas de fuego primeros auxilios y atenci\u00f3n personalizada.<\/p>\n<p>[\/et_pb_blurb][\/et_pb_column][et_pb_column type=\u00bb1_3&#8243; _builder_version=\u00bb4.27.5&#8243; _module_preset=\u00bbdefault\u00bb global_colors_info=\u00bb{}\u00bb][et_pb_blurb title=\u00bbINVESTIGACI\u00d3N PRIVADA\u00bb image_icon_background_color=\u00bbrgba(226,226,226,0.4)\u00bb image=\u00bbhttps:\/\/gsp.com.ec\/wp-content\/uploads\/2026\/02\/ICN-SEG-2.png\u00bb image_icon_width=\u00bb75%\u00bb _builder_version=\u00bb4.27.5&#8243; _module_preset=\u00bbdefault\u00bb header_text_align=\u00bbcenter\u00bb header_text_color=\u00bb#000000&#8243; body_text_align=\u00bbcenter\u00bb body_text_color=\u00bb#3d3d3d\u00bb custom_margin=\u00bb50px||||false|false\u00bb border_radii_image=\u00bbon|290px|290px|290px|290px\u00bb border_width_all_image=\u00bb1px\u00bb border_color_all_image=\u00bb#666666&#8243; global_colors_info=\u00bb{}\u00bb image_icon_background_color__hover=\u00bb#dfa737&#8243; image_icon_background_color__hover_enabled=\u00bbon|hover\u00bb]<\/p>\n<p>Recopilaci\u00f3n profesional de informaci\u00f3n clave para casos personales, legales o corporativos.<\/p>\n<p>[\/et_pb_blurb][\/et_pb_column][et_pb_column type=\u00bb1_3&#8243; _builder_version=\u00bb4.27.5&#8243; _module_preset=\u00bbdefault\u00bb global_colors_info=\u00bb{}\u00bb][et_pb_blurb title=\u00bbPROTECCI\u00d3N DE PERSONAS Y BIENES\u00bb image_icon_background_color=\u00bbrgba(226,226,226,0.4)\u00bb image=\u00bbhttps:\/\/gsp.com.ec\/wp-content\/uploads\/2026\/02\/ICN-SEG-3.png\u00bb image_icon_width=\u00bb75%\u00bb _builder_version=\u00bb4.27.5&#8243; _module_preset=\u00bbdefault\u00bb header_text_align=\u00bbcenter\u00bb header_text_color=\u00bb#000000&#8243; body_text_align=\u00bbcenter\u00bb body_text_color=\u00bb#3d3d3d\u00bb custom_margin=\u00bb50px||||false|false\u00bb border_radii_image=\u00bbon|290px|290px|290px|290px\u00bb border_width_all_image=\u00bb1px\u00bb border_color_all_image=\u00bb#666666&#8243; global_colors_info=\u00bb{}\u00bb image_icon_background_color__hover=\u00bb#dfa737&#8243; image_icon_background_color__hover_enabled=\u00bbon|hover\u00bb]<\/p>\n<p>Recopilaci\u00f3n profesional de informaci\u00f3n clave para casos personales, legales o corporativos.<\/p>\n<p>[\/et_pb_blurb][\/et_pb_column][\/et_pb_row][et_pb_row use_custom_gutter=\u00bbon\u00bb make_equal=\u00bbon\u00bb _builder_version=\u00bb4.27.5&#8243; _module_preset=\u00bbdefault\u00bb global_colors_info=\u00bb{}\u00bb][et_pb_column type=\u00bb4_4&#8243; _builder_version=\u00bb4.27.5&#8243; _module_preset=\u00bbdefault\u00bb global_colors_info=\u00bb{}\u00bb][et_pb_text _builder_version=\u00bb4.27.5&#8243; _module_preset=\u00bbdefault\u00bb text_text_color=\u00bb#000000&#8243; header_font=\u00bb|||on|||||\u00bb header_text_align=\u00bbcenter\u00bb header_text_color=\u00bb#000000&#8243; header_font_size=\u00bb45px\u00bb header_4_font=\u00bb|300||on|||||\u00bb header_4_text_align=\u00bbcenter\u00bb header_4_text_color=\u00bb#FFFFFF\u00bb background_enable_color=\u00bboff\u00bb global_colors_info=\u00bb{}\u00bb]<\/p>\n<h1>Seguridad con Tecnologia<\/h1>\n<p>[\/et_pb_text][et_pb_divider color=\u00bb#000000&#8243; _builder_version=\u00bb4.27.5&#8243; _module_preset=\u00bbdefault\u00bb width=\u00bb25%\u00bb module_alignment=\u00bbcenter\u00bb global_colors_info=\u00bb{}\u00bb][\/et_pb_divider][\/et_pb_column][\/et_pb_row][et_pb_row column_structure=\u00bb1_4,1_4,1_4,1_4&#8243; _builder_version=\u00bb4.27.5&#8243; _module_preset=\u00bbdefault\u00bb custom_margin=\u00bb0px||||false|false\u00bb custom_padding=\u00bb0px||||false|false\u00bb global_colors_info=\u00bb{}\u00bb][et_pb_column type=\u00bb1_4&#8243; _builder_version=\u00bb4.27.5&#8243; _module_preset=\u00bbdefault\u00bb global_colors_info=\u00bb{}\u00bb][et_pb_blurb title=\u00bbALARMAS &#038; CCTV\u00bb image_icon_background_color=\u00bbrgba(226,226,226,0.4)\u00bb image=\u00bbhttps:\/\/gsp.com.ec\/wp-content\/uploads\/2026\/02\/ICN-SEG-4.png\u00bb image_icon_width=\u00bb75%\u00bb _builder_version=\u00bb4.27.5&#8243; _module_preset=\u00bbdefault\u00bb header_text_align=\u00bbcenter\u00bb header_text_color=\u00bb#000000&#8243; body_text_color=\u00bb#3d3d3d\u00bb custom_margin=\u00bb50px||||false|false\u00bb border_radii_image=\u00bbon|290px|290px|290px|290px\u00bb border_width_all_image=\u00bb1px\u00bb border_color_all_image=\u00bb#666666&#8243; global_colors_info=\u00bb{}\u00bb image_icon_background_color__hover_enabled=\u00bbon|hover\u00bb image_icon_background_color__hover=\u00bb#dfa737&#8243;][\/et_pb_blurb][\/et_pb_column][et_pb_column type=\u00bb1_4&#8243; _builder_version=\u00bb4.27.5&#8243; _module_preset=\u00bbdefault\u00bb global_colors_info=\u00bb{}\u00bb][et_pb_blurb title=\u00bbRASTREO GPS\u00bb image_icon_background_color=\u00bbrgba(226,226,226,0.4)\u00bb image=\u00bbhttps:\/\/gsp.com.ec\/wp-content\/uploads\/2026\/02\/ICN-SEG-5.png\u00bb image_icon_width=\u00bb75%\u00bb _builder_version=\u00bb4.27.5&#8243; _module_preset=\u00bbdefault\u00bb header_text_align=\u00bbcenter\u00bb header_text_color=\u00bb#000000&#8243; body_text_color=\u00bb#3d3d3d\u00bb custom_margin=\u00bb50px||||false|false\u00bb border_radii_image=\u00bbon|290px|290px|290px|290px\u00bb border_width_all_image=\u00bb1px\u00bb border_color_all_image=\u00bb#666666&#8243; global_colors_info=\u00bb{}\u00bb image_icon_background_color__hover=\u00bb#dfa737&#8243; image_icon_background_color__hover_enabled=\u00bbon|hover\u00bb][\/et_pb_blurb][\/et_pb_column][et_pb_column type=\u00bb1_4&#8243; _builder_version=\u00bb4.27.5&#8243; _module_preset=\u00bbdefault\u00bb global_colors_info=\u00bb{}\u00bb][et_pb_blurb title=\u00bbTRANSPORTE DE VALORES\u00bb image_icon_background_color=\u00bbrgba(226,226,226,0.4)\u00bb image=\u00bbhttps:\/\/gsp.com.ec\/wp-content\/uploads\/2026\/02\/ICN-SEG-7.png\u00bb image_icon_width=\u00bb75%\u00bb _builder_version=\u00bb4.27.5&#8243; _module_preset=\u00bbdefault\u00bb header_text_align=\u00bbcenter\u00bb header_text_color=\u00bb#000000&#8243; body_text_color=\u00bb#3d3d3d\u00bb custom_margin=\u00bb50px||||false|false\u00bb border_radii_image=\u00bbon|290px|290px|290px|290px\u00bb border_width_all_image=\u00bb1px\u00bb border_color_all_image=\u00bb#666666&#8243; global_colors_info=\u00bb{}\u00bb image_icon_background_color__hover=\u00bb#dfa737&#8243; image_icon_background_color__hover_enabled=\u00bbon|hover\u00bb][\/et_pb_blurb][\/et_pb_column][et_pb_column type=\u00bb1_4&#8243; _builder_version=\u00bb4.27.5&#8243; _module_preset=\u00bbdefault\u00bb global_colors_info=\u00bb{}\u00bb][et_pb_blurb title=\u00bbCONTROL DE ACCESOS\u00bb image_icon_background_color=\u00bbrgba(226,226,226,0.4)\u00bb image=\u00bbhttps:\/\/gsp.com.ec\/wp-content\/uploads\/2026\/02\/ICN-SEG-6.png\u00bb image_icon_width=\u00bb75%\u00bb _builder_version=\u00bb4.27.5&#8243; _module_preset=\u00bbdefault\u00bb header_text_align=\u00bbcenter\u00bb header_text_color=\u00bb#000000&#8243; body_text_color=\u00bb#3d3d3d\u00bb custom_margin=\u00bb50px||||false|false\u00bb border_radii_image=\u00bbon|290px|290px|290px|290px\u00bb border_width_all_image=\u00bb1px\u00bb border_color_all_image=\u00bb#666666&#8243; global_colors_info=\u00bb{}\u00bb image_icon_background_color__hover=\u00bb#dfa737&#8243; image_icon_background_color__hover_enabled=\u00bbon|hover\u00bb][\/et_pb_blurb][\/et_pb_column][\/et_pb_row][et_pb_row column_structure=\u00bb1_3,1_3,1_3&#8243; _builder_version=\u00bb4.27.5&#8243; _module_preset=\u00bbdefault\u00bb custom_margin=\u00bb0px||0px||false|false\u00bb custom_padding=\u00bb0px||0px||false|false\u00bb global_colors_info=\u00bb{}\u00bb][et_pb_column type=\u00bb1_3&#8243; _builder_version=\u00bb4.27.5&#8243; _module_preset=\u00bbdefault\u00bb global_colors_info=\u00bb{}\u00bb][et_pb_blurb title=\u00bbMONITOREO Y RESPUESTAS R\u00c1PIDA\u00bb image_icon_background_color=\u00bbrgba(226,226,226,0.4)\u00bb image=\u00bbhttps:\/\/gsp.com.ec\/wp-content\/uploads\/2026\/02\/ICN-SEG-8.png\u00bb image_icon_width=\u00bb75%\u00bb _builder_version=\u00bb4.27.5&#8243; _module_preset=\u00bbdefault\u00bb header_text_align=\u00bbcenter\u00bb header_text_color=\u00bb#000000&#8243; body_text_color=\u00bb#3d3d3d\u00bb custom_margin=\u00bb50px||||false|false\u00bb border_radii_image=\u00bbon|290px|290px|290px|290px\u00bb border_width_all_image=\u00bb1px\u00bb border_color_all_image=\u00bb#666666&#8243; global_colors_info=\u00bb{}\u00bb image_icon_background_color__hover=\u00bb#dfa737&#8243; image_icon_background_color__hover_enabled=\u00bbon|hover\u00bb][\/et_pb_blurb][\/et_pb_column][et_pb_column type=\u00bb1_3&#8243; _builder_version=\u00bb4.27.5&#8243; _module_preset=\u00bbdefault\u00bb global_colors_info=\u00bb{}\u00bb][et_pb_blurb title=\u00bbDETECCI\u00d3N DE INCENDIOS\u00bb image_icon_background_color=\u00bbrgba(226,226,226,0.4)\u00bb image=\u00bbhttps:\/\/gsp.com.ec\/wp-content\/uploads\/2026\/02\/ICN-SEG-9.png\u00bb image_icon_width=\u00bb75%\u00bb _builder_version=\u00bb4.27.5&#8243; _module_preset=\u00bbdefault\u00bb header_text_align=\u00bbcenter\u00bb header_text_color=\u00bb#000000&#8243; body_text_color=\u00bb#3d3d3d\u00bb custom_margin=\u00bb50px||||false|false\u00bb border_radii_image=\u00bbon|290px|290px|290px|290px\u00bb border_width_all_image=\u00bb1px\u00bb border_color_all_image=\u00bb#666666&#8243; global_colors_info=\u00bb{}\u00bb image_icon_background_color__hover=\u00bb#dfa737&#8243; image_icon_background_color__hover_enabled=\u00bbon|hover\u00bb][\/et_pb_blurb][\/et_pb_column][et_pb_column type=\u00bb1_3&#8243; _builder_version=\u00bb4.27.5&#8243; _module_preset=\u00bbdefault\u00bb global_colors_info=\u00bb{}\u00bb][et_pb_blurb title=\u00bbCERCOS EL\u00c9CTRICOS\u00bb image_icon_background_color=\u00bbrgba(226,226,226,0.4)\u00bb image=\u00bbhttps:\/\/gsp.com.ec\/wp-content\/uploads\/2026\/02\/ICN-SEG-10.png\u00bb image_icon_width=\u00bb75%\u00bb _builder_version=\u00bb4.27.5&#8243; _module_preset=\u00bbdefault\u00bb header_text_align=\u00bbcenter\u00bb header_text_color=\u00bb#000000&#8243; body_text_color=\u00bb#3d3d3d\u00bb custom_margin=\u00bb50px||||false|false\u00bb border_radii_image=\u00bbon|290px|290px|290px|290px\u00bb border_width_all_image=\u00bb1px\u00bb border_color_all_image=\u00bb#666666&#8243; global_colors_info=\u00bb{}\u00bb image_icon_background_color__hover=\u00bb#dfa737&#8243; image_icon_background_color__hover_enabled=\u00bbon|hover\u00bb][\/et_pb_blurb][\/et_pb_column][\/et_pb_row][\/et_pb_section][et_pb_section fb_built=\u00bb1&#8243; _builder_version=\u00bb4.27.5&#8243; _module_preset=\u00bbdefault\u00bb background_color=\u00bbrgba(32,30,41,0.21)\u00bb background_image=\u00bbhttps:\/\/gsp.com.ec\/wp-content\/uploads\/2026\/01\/BANNER-CLIENTES.png\u00bb custom_padding=\u00bb100px||100px||true|false\u00bb global_colors_info=\u00bb{}\u00bb][et_pb_row _builder_version=\u00bb4.27.5&#8243; _module_preset=\u00bbdefault\u00bb global_colors_info=\u00bb{}\u00bb][et_pb_column type=\u00bb4_4&#8243; _builder_version=\u00bb4.27.5&#8243; _module_preset=\u00bbdefault\u00bb global_colors_info=\u00bb{}\u00bb][et_pb_text _builder_version=\u00bb4.27.5&#8243; _module_preset=\u00bbdefault\u00bb text_font_size=\u00bb18px\u00bb header_text_color=\u00bb#201e29&#8243; global_colors_info=\u00bb{}\u00bb]<\/p>\n<h1 style=\"text-align: center;\">NUESTROS CLIENTES<\/h1>\n<p style=\"text-align: center;\">Empresas que conf\u00edan en nuestros servicios.<\/p>\n<p>[\/et_pb_text][\/et_pb_column][\/et_pb_row][et_pb_row column_structure=\u00bb1_6,1_6,1_6,1_6,1_6,1_6&#8243; _builder_version=\u00bb4.27.5&#8243; _module_preset=\u00bbdefault\u00bb global_colors_info=\u00bb{}\u00bb][et_pb_column type=\u00bb1_6&#8243; _builder_version=\u00bb4.27.5&#8243; _module_preset=\u00bbdefault\u00bb global_colors_info=\u00bb{}\u00bb][et_pb_image src=\u00bbhttps:\/\/gsp.com.ec\/wp-content\/uploads\/2026\/01\/LOGO-PLANIFIKT-350X100.jpg\u00bb title_text=\u00bbLOGO-PLANIFIKT-350X100&#8243; _builder_version=\u00bb4.27.5&#8243; _module_preset=\u00bbdefault\u00bb border_radii=\u00bbon|22px|22px|22px|22px\u00bb box_shadow_style=\u00bbpreset3&#8243; global_colors_info=\u00bb{}\u00bb][\/et_pb_image][\/et_pb_column][et_pb_column type=\u00bb1_6&#8243; _builder_version=\u00bb4.27.5&#8243; _module_preset=\u00bbdefault\u00bb global_colors_info=\u00bb{}\u00bb][et_pb_image src=\u00bbhttps:\/\/gsp.com.ec\/wp-content\/uploads\/2026\/01\/LOGO-GRUPO-NAVESA.png\u00bb title_text=\u00bbLOGO-GRUPO-NAVESA\u00bb _builder_version=\u00bb4.27.5&#8243; _module_preset=\u00bbdefault\u00bb border_radii=\u00bbon|22px|22px|22px|22px\u00bb box_shadow_style=\u00bbpreset3&#8243; global_colors_info=\u00bb{}\u00bb][\/et_pb_image][\/et_pb_column][et_pb_column type=\u00bb1_6&#8243; _builder_version=\u00bb4.27.5&#8243; _module_preset=\u00bbdefault\u00bb global_colors_info=\u00bb{}\u00bb][et_pb_image src=\u00bbhttps:\/\/gsp.com.ec\/wp-content\/uploads\/2026\/01\/LOGO-FERNANDEZ-350X100.png\u00bb title_text=\u00bbLOGO-FERNANDEZ-350X100&#8243; _builder_version=\u00bb4.27.5&#8243; _module_preset=\u00bbdefault\u00bb border_radii=\u00bbon|22px|22px|22px|22px\u00bb box_shadow_style=\u00bbpreset3&#8243; global_colors_info=\u00bb{}\u00bb][\/et_pb_image][\/et_pb_column][et_pb_column type=\u00bb1_6&#8243; _builder_version=\u00bb4.27.5&#8243; _module_preset=\u00bbdefault\u00bb global_colors_info=\u00bb{}\u00bb][et_pb_image src=\u00bbhttps:\/\/gsp.com.ec\/wp-content\/uploads\/2026\/01\/LOGO-NACION-PARRILLA.jpg\u00bb title_text=\u00bbLOGO-NACION-PARRILLA\u00bb _builder_version=\u00bb4.27.5&#8243; _module_preset=\u00bbdefault\u00bb border_radii=\u00bbon|22px|22px|22px|22px\u00bb box_shadow_style=\u00bbpreset3&#8243; global_colors_info=\u00bb{}\u00bb][\/et_pb_image][\/et_pb_column][et_pb_column type=\u00bb1_6&#8243; _builder_version=\u00bb4.27.5&#8243; _module_preset=\u00bbdefault\u00bb global_colors_info=\u00bb{}\u00bb][et_pb_image src=\u00bbhttps:\/\/gsp.com.ec\/wp-content\/uploads\/2026\/01\/LOGO-MAKRO-HOSPITAL.jpg\u00bb title_text=\u00bbLOGO-MAKRO-HOSPITAL\u00bb _builder_version=\u00bb4.27.5&#8243; _module_preset=\u00bbdefault\u00bb border_radii=\u00bbon|22px|22px|22px|22px\u00bb box_shadow_style=\u00bbpreset3&#8243; global_colors_info=\u00bb{}\u00bb][\/et_pb_image][\/et_pb_column][et_pb_column type=\u00bb1_6&#8243; _builder_version=\u00bb4.27.5&#8243; _module_preset=\u00bbdefault\u00bb global_colors_info=\u00bb{}\u00bb][et_pb_image src=\u00bbhttps:\/\/gsp.com.ec\/wp-content\/uploads\/2026\/01\/LOGO-LACUADRA.jpg\u00bb title_text=\u00bbLOGO-LACUADRA\u00bb _builder_version=\u00bb4.27.5&#8243; _module_preset=\u00bbdefault\u00bb border_radii=\u00bbon|22px|22px|22px|22px\u00bb box_shadow_style=\u00bbpreset3&#8243; global_colors_info=\u00bb{}\u00bb][\/et_pb_image][\/et_pb_column][\/et_pb_row][\/et_pb_section]<\/p>\n","protected":false},"excerpt":{"rendered":"<p>Nuestros Servicios Bajo los pilares de\u00a0Seguridad, Tecnolog\u00eda y Organizaci\u00f3n, ofrecemos un servicio se Seguridad F\u00edsica diferencial en el mercado. \u00danicos con tecnolog\u00eda de desarrollo propio y conectividad a nivel nacional.SeguridadProfesionales entrenados en manejo evasivo, armas de fuego primeros auxilios y atenci\u00f3n personalizada.Recopilaci\u00f3n profesional de informaci\u00f3n clave para casos personales, legales o corporativos.Recopilaci\u00f3n profesional de informaci\u00f3n [&hellip;]<\/p>\n","protected":false},"author":1,"featured_media":0,"parent":0,"menu_order":0,"comment_status":"closed","ping_status":"closed","template":"","meta":{"_et_pb_use_builder":"on","_et_pb_old_content":"","_et_gb_content_width":"","footnotes":""},"class_list":["post-269","page","type-page","status-publish","hentry"],"_links":{"self":[{"href":"https:\/\/gsp.com.ec\/index.php\/wp-json\/wp\/v2\/pages\/269","targetHints":{"allow":["GET"]}}],"collection":[{"href":"https:\/\/gsp.com.ec\/index.php\/wp-json\/wp\/v2\/pages"}],"about":[{"href":"https:\/\/gsp.com.ec\/index.php\/wp-json\/wp\/v2\/types\/page"}],"author":[{"embeddable":true,"href":"https:\/\/gsp.com.ec\/index.php\/wp-json\/wp\/v2\/users\/1"}],"replies":[{"embeddable":true,"href":"https:\/\/gsp.com.ec\/index.php\/wp-json\/wp\/v2\/comments?post=269"}],"version-history":[{"count":13,"href":"https:\/\/gsp.com.ec\/index.php\/wp-json\/wp\/v2\/pages\/269\/revisions"}],"predecessor-version":[{"id":369,"href":"https:\/\/gsp.com.ec\/index.php\/wp-json\/wp\/v2\/pages\/269\/revisions\/369"}],"wp:attachment":[{"href":"https:\/\/gsp.com.ec\/index.php\/wp-json\/wp\/v2\/media?parent=269"}],"curies":[{"name":"wp","href":"https:\/\/api.w.org\/{rel}","templated":true}]}}